{"id":53,"date":"2022-03-28T19:29:59","date_gmt":"2022-03-28T18:29:59","guid":{"rendered":"https:\/\/workout.wordifysites.com\/?page_id=53"},"modified":"2024-02-27T00:35:07","modified_gmt":"2024-02-27T00:35:07","slug":"contact","status":"publish","type":"page","link":"https:\/\/www.ruta59.es\/index.php\/contact\/","title":{"rendered":"Contacto"},"content":{"rendered":"\n<p class=\"has-text-align-center\" style=\"font-size:15px;font-style:normal;font-weight:600\">\u00a1Gracias por contactar con nosotros en ruta 59! Estamos emocionados de poder ayudarte a lucir tu mejor versi\u00f3n y brindarte un servicio de alta calidad y personalizado. Si tienes alguna pregunta, deseas reservar una cita o simplemente quieres obtener m\u00e1s informaci\u00f3n sobre nuestros servicios, por favor completa el formulario de contacto a continuaci\u00f3n. Nuestro equipo estar\u00e1 encantado de responder a todas tus consultas y asegurarse de que tengas una experiencia excepcional en nuestra barberia.<\/p>\n\n\n\n<p class=\"has-text-align-center\" style=\"font-size:15px;font-style:normal;font-weight:600\">En nuestra barberia, nos esforzamos por ofrecer un ambiente acogedor y profesional donde nuestros clientes puedan relajarse y disfrutar de un servicio de primera clase. Nuestros estilistas y barberos expertos est\u00e1n comprometidos en brindarte un corte de cabello y un estilo que se adapte a tus gustos y necesidades individuales.<\/p>\n\n\n\n<p class=\"has-text-align-center\" style=\"font-size:15px;font-style:normal;font-weight:600\">Por favor, completa el formulario con tu nombre, direcci\u00f3n de correo electr\u00f3nico y n\u00famero de tel\u00e9fono para que podamos ponernos en contacto contigo lo antes posible. Tambi\u00e9n puedes incluir cualquier pregunta o comentario adicional que tengas para que podamos proporcionarte la informaci\u00f3n que necesitas de manera precisa y oportuna.<\/p>\n\n\n\n<p class=\"has-text-align-center\" style=\"font-size:15px;font-style:normal;font-weight:600\">\u00a1Gracias por confiar en nosotros para tu cuidado y estilo personal! Estamos ansiosos por atenderte y ayudarte a lucir impecable en todo momento. \u00a1Esperamos poder verte pronto en Ruta 59!<\/p>\n\n\n<div class=\"gb-container gb-container-88e0df51\">\n<div class=\"gb-container gb-container-5f57f2a9\">\n<div class=\"wp-block-image\">\n<figure class=\"aligncenter size-large\"><a href=\"https:\/\/www.google.com\/maps\/place\/Barberia+Ruta+59\/@42.2296833,-8.6907839,17z\/data=!4m6!3m5!1s0xd2f63afa30426d9:0xf2cd667018b4dde4!8m2!3d42.2296833!4d-8.688209!16s%2Fg%2F11p0dc1l5g?entry=ttu\" target=\"_blank\" rel=\"noreferrer noopener\"><img data-recalc-dims=\"1\" loading=\"lazy\" decoding=\"async\" width=\"1024\" height=\"569\" src=\"https:\/\/i0.wp.com\/www.ruta59.es\/wp-content\/uploads\/2024\/02\/mapa-1.png?resize=1024%2C569&#038;ssl=1\" alt=\"\" class=\"wp-image-877\" srcset=\"https:\/\/i0.wp.com\/www.ruta59.es\/wp-content\/uploads\/2024\/02\/mapa-1.png?resize=1024%2C569&amp;ssl=1 1024w, https:\/\/i0.wp.com\/www.ruta59.es\/wp-content\/uploads\/2024\/02\/mapa-1.png?resize=300%2C167&amp;ssl=1 300w, https:\/\/i0.wp.com\/www.ruta59.es\/wp-content\/uploads\/2024\/02\/mapa-1.png?resize=768%2C427&amp;ssl=1 768w, https:\/\/i0.wp.com\/www.ruta59.es\/wp-content\/uploads\/2024\/02\/mapa-1.png?resize=1536%2C854&amp;ssl=1 1536w, https:\/\/i0.wp.com\/www.ruta59.es\/wp-content\/uploads\/2024\/02\/mapa-1.png?w=1730&amp;ssl=1 1730w\" sizes=\"auto, (max-width: 1024px) 100vw, 1024px\" \/><\/a><\/figure>\n<\/div>\n<\/div>\n\n\n<div class=\"wp-block-jetpack-contact-form alignwide\" style=\"padding-top:16px;padding-right:16px;padding-bottom:16px;padding-left:16px\">\n\n\n\n\n\n\n\n<\/div>\n\n<\/div>\n\n<div class=\"gb-container gb-container-1d642ed3\">\n<div class=\"gb-container gb-container-968b32f8\">\n\n<h2 class=\"gb-headline gb-headline-fbbb6219 gb-headline-text\">Vigo<\/h2>\n\n\n\n<p class=\"gb-headline gb-headline-f1642faf\"><span class=\"gb-icon\"><svg xmlns=\"http:\/\/www.w3.org\/2000\/svg\" viewBox=\"0 0 278.567 278.567\"><path d=\"m271.245 212.376-42.426-42.426c-9.747-9.748-25.608-9.747-35.355 0l-5.604 5.604a22.773 22.773 0 0 1-16.21 6.715 22.773 22.773 0 0 1-16.21-6.715l-52.432-52.433a22.773 22.773 0 0 1-6.715-16.21c0-6.124 2.385-11.88 6.715-16.21l5.604-5.604c9.748-9.747 9.748-25.608 0-35.355L66.184 7.316c-9.747-9.748-25.608-9.748-35.355 0-35.842 35.841-41.047 92.195-12.378 133.996C50.52 188.071 90.49 228.04 137.248 260.109a104.985 104.985 0 0 0 59.508 18.452c27.162-.001 54.135-10.476 74.488-30.829 4.722-4.722 7.323-11 7.323-17.678s-2.6-12.956-7.322-17.678zM43.557 20.042c1.322-1.321 3.08-2.049 4.95-2.049s3.628.728 4.95 2.05l42.426 42.426c1.322 1.322 2.05 3.08 2.05 4.95s-.728 3.627-2.05 4.95l-2.525 2.525-52.27-52.27a89.44 89.44 0 0 1 2.469-2.582zm103.872 225.223c-44.923-30.811-83.323-69.211-114.134-114.134-19.572-28.537-20.084-65.246-3.069-93.912l52.046 52.046c-2.603 5.44-3.981 11.437-3.981 17.646 0 10.932 4.257 21.209 11.987 28.938l52.432 52.432c7.73 7.73 18.007 11.987 28.938 11.987 6.209 0 12.206-1.377 17.646-3.981l52.047 52.047c-28.665 17.015-65.374 16.504-93.912-3.069zm111.088-10.262a88.012 88.012 0 0 1-2.581 2.469l-52.27-52.27 2.525-2.525c1.322-1.322 3.08-2.05 4.95-2.05s3.628.728 4.95 2.05l42.426 42.426c2.729 2.729 2.729 7.171 0 9.9z\"><\/path><\/svg><\/span><span class=\"gb-headline-text\"><strong>622 63 99 48<\/strong><\/span><\/p>\n\n\n\n<p class=\"gb-headline gb-headline-aba5ded2\"><span class=\"gb-icon\"><svg aria-hidden=\"true\" role=\"img\" height=\"1em\" width=\"1em\" viewBox=\"0 0 512 512\" xmlns=\"http:\/\/www.w3.org\/2000\/svg\"><path fill=\"currentColor\" d=\"M464 64H48C21.49 64 0 85.49 0 112v288c0 26.51 21.49 48 48 48h416c26.51 0 48-21.49 48-48V112c0-26.51-21.49-48-48-48zm0 48v40.805c-22.422 18.259-58.168 46.651-134.587 106.49-16.841 13.247-50.201 45.072-73.413 44.701-23.208.375-56.579-31.459-73.413-44.701C106.18 199.465 70.425 171.067 48 152.805V112h416zM48 400V214.398c22.914 18.251 55.409 43.862 104.938 82.646 21.857 17.205 60.134 55.186 103.062 54.955 42.717.231 80.509-37.199 103.053-54.947 49.528-38.783 82.032-64.401 104.947-82.653V400H48z\"><\/path><\/svg><\/span><span class=\"gb-headline-text\"><a href=\"mailto:hello@workout.com\">info@ruta59.es<\/a><\/span><\/p>\n\n\n\n<p class=\"has-base-2-color has-text-color has-link-color wp-elements-be36bebcde49a8d887bcea45f5891227\">Avenida de Ram\u00f3n Nieto, 227, local 2<\/p>\n\n\n\n<p class=\"has-base-2-color has-text-color has-link-color wp-elements-daeb07cbaff4bec39a84875ca67837cf\">36205 Vigo<\/p>\n\n<\/div>\n<\/div>","protected":false},"excerpt":{"rendered":"<p>\u00a1Gracias por contactar con nosotros en ruta 59! Estamos emocionados de poder ayudarte a lucir tu mejor versi\u00f3n y brindarte un servicio de alta calidad y personalizado. Si tienes alguna pregunta, deseas reservar una cita &#8230; <a title=\"Contacto\" class=\"read-more\" href=\"https:\/\/www.ruta59.es\/index.php\/contact\/\" aria-label=\"Leer m\u00e1s sobre Contacto\">Leer m\u00e1s<\/a><\/p>\n","protected":false},"author":1,"featured_media":0,"parent":0,"menu_order":0,"comment_status":"closed","ping_status":"closed","template":"","meta":{"footnotes":""},"class_list":["post-53","page","type-page","status-publish"],"yoast_head":"<!-- This site is optimized with the Yoast SEO plugin v27.4 - https:\/\/yoast.com\/product\/yoast-seo-wordpress\/ -->\n<title>Contacto - Barberia Ruta 59<\/title>\n<meta name=\"robots\" content=\"index, follow, max-snippet:-1, max-image-preview:large, max-video-preview:-1\" \/>\n<link rel=\"canonical\" href=\"https:\/\/www.ruta59.es\/index.php\/contact\/\" \/>\n<meta property=\"og:locale\" content=\"es_ES\" \/>\n<meta property=\"og:type\" content=\"article\" \/>\n<meta property=\"og:title\" content=\"Contacto - Barberia Ruta 59\" \/>\n<meta property=\"og:description\" content=\"\u00a1Gracias por contactar con nosotros en ruta 59! Estamos emocionados de poder ayudarte a lucir tu mejor versi\u00f3n y brindarte un servicio de alta calidad y personalizado. Si tienes alguna pregunta, deseas reservar una cita ... Leer m\u00e1s\" \/>\n<meta property=\"og:url\" content=\"https:\/\/www.ruta59.es\/index.php\/contact\/\" \/>\n<meta property=\"og:site_name\" content=\"Barberia Ruta 59\" \/>\n<meta property=\"article:publisher\" content=\"https:\/\/www.instagram.com\/barberiaruta59\/\" \/>\n<meta property=\"article:modified_time\" content=\"2024-02-27T00:35:07+00:00\" \/>\n<meta property=\"og:image\" content=\"https:\/\/www.ruta59.es\/wp-content\/uploads\/2024\/02\/mapa-1-1024x569.png\" \/>\n<meta name=\"twitter:card\" content=\"summary_large_image\" \/>\n<meta name=\"twitter:label1\" content=\"Tiempo de lectura\" \/>\n\t<meta name=\"twitter:data1\" content=\"2 minutos\" \/>\n<script type=\"application\/ld+json\" class=\"yoast-schema-graph\">{\"@context\":\"https:\\\/\\\/schema.org\",\"@graph\":[{\"@type\":\"WebPage\",\"@id\":\"https:\\\/\\\/www.ruta59.es\\\/index.php\\\/contact\\\/\",\"url\":\"https:\\\/\\\/www.ruta59.es\\\/index.php\\\/contact\\\/\",\"name\":\"Contacto - Barberia Ruta 59\",\"isPartOf\":{\"@id\":\"https:\\\/\\\/www.ruta59.es\\\/#website\"},\"primaryImageOfPage\":{\"@id\":\"https:\\\/\\\/www.ruta59.es\\\/index.php\\\/contact\\\/#primaryimage\"},\"image\":{\"@id\":\"https:\\\/\\\/www.ruta59.es\\\/index.php\\\/contact\\\/#primaryimage\"},\"thumbnailUrl\":\"https:\\\/\\\/www.ruta59.es\\\/wp-content\\\/uploads\\\/2024\\\/02\\\/mapa-1-1024x569.png\",\"datePublished\":\"2022-03-28T18:29:59+00:00\",\"dateModified\":\"2024-02-27T00:35:07+00:00\",\"breadcrumb\":{\"@id\":\"https:\\\/\\\/www.ruta59.es\\\/index.php\\\/contact\\\/#breadcrumb\"},\"inLanguage\":\"es\",\"potentialAction\":[{\"@type\":\"ReadAction\",\"target\":[\"https:\\\/\\\/www.ruta59.es\\\/index.php\\\/contact\\\/\"]}]},{\"@type\":\"ImageObject\",\"inLanguage\":\"es\",\"@id\":\"https:\\\/\\\/www.ruta59.es\\\/index.php\\\/contact\\\/#primaryimage\",\"url\":\"https:\\\/\\\/i0.wp.com\\\/www.ruta59.es\\\/wp-content\\\/uploads\\\/2024\\\/02\\\/mapa-1.png?fit=1730%2C962&ssl=1\",\"contentUrl\":\"https:\\\/\\\/i0.wp.com\\\/www.ruta59.es\\\/wp-content\\\/uploads\\\/2024\\\/02\\\/mapa-1.png?fit=1730%2C962&ssl=1\",\"width\":1730,\"height\":962},{\"@type\":\"BreadcrumbList\",\"@id\":\"https:\\\/\\\/www.ruta59.es\\\/index.php\\\/contact\\\/#breadcrumb\",\"itemListElement\":[{\"@type\":\"ListItem\",\"position\":1,\"name\":\"Portada\",\"item\":\"https:\\\/\\\/www.ruta59.es\\\/\"},{\"@type\":\"ListItem\",\"position\":2,\"name\":\"Contacto\"}]},{\"@type\":\"WebSite\",\"@id\":\"https:\\\/\\\/www.ruta59.es\\\/#website\",\"url\":\"https:\\\/\\\/www.ruta59.es\\\/\",\"name\":\"Barberia Ruta 59\",\"description\":\"Tu barberia de confianza en Vigo. Todo tipos de corte para caballero, arreglos de barba, ocasiones especiales. Pidenos cita. Te esperamos en Ruta 59.\",\"publisher\":{\"@id\":\"https:\\\/\\\/www.ruta59.es\\\/#organization\"},\"alternateName\":\"Ruta 59\",\"potentialAction\":[{\"@type\":\"SearchAction\",\"target\":{\"@type\":\"EntryPoint\",\"urlTemplate\":\"https:\\\/\\\/www.ruta59.es\\\/?s={search_term_string}\"},\"query-input\":{\"@type\":\"PropertyValueSpecification\",\"valueRequired\":true,\"valueName\":\"search_term_string\"}}],\"inLanguage\":\"es\"},{\"@type\":\"Organization\",\"@id\":\"https:\\\/\\\/www.ruta59.es\\\/#organization\",\"name\":\"Barberia Ruta 59 - Tu barberia de confianza en Vigo\",\"url\":\"https:\\\/\\\/www.ruta59.es\\\/\",\"logo\":{\"@type\":\"ImageObject\",\"inLanguage\":\"es\",\"@id\":\"https:\\\/\\\/www.ruta59.es\\\/#\\\/schema\\\/logo\\\/image\\\/\",\"url\":\"https:\\\/\\\/i0.wp.com\\\/www.ruta59.es\\\/wp-content\\\/uploads\\\/2024\\\/02\\\/LOGO-BARBER-RUTA-59-1_vectorized.png?fit=3180%2C1760&ssl=1\",\"contentUrl\":\"https:\\\/\\\/i0.wp.com\\\/www.ruta59.es\\\/wp-content\\\/uploads\\\/2024\\\/02\\\/LOGO-BARBER-RUTA-59-1_vectorized.png?fit=3180%2C1760&ssl=1\",\"width\":3180,\"height\":1760,\"caption\":\"Barberia Ruta 59 - Tu barberia de confianza en Vigo\"},\"image\":{\"@id\":\"https:\\\/\\\/www.ruta59.es\\\/#\\\/schema\\\/logo\\\/image\\\/\"},\"sameAs\":[\"https:\\\/\\\/www.instagram.com\\\/barberiaruta59\\\/\"]}]}<\/script>\n<!-- \/ Yoast SEO plugin. -->","yoast_head_json":{"title":"Contacto - Barberia Ruta 59","robots":{"index":"index","follow":"follow","max-snippet":"max-snippet:-1","max-image-preview":"max-image-preview:large","max-video-preview":"max-video-preview:-1"},"canonical":"https:\/\/www.ruta59.es\/index.php\/contact\/","og_locale":"es_ES","og_type":"article","og_title":"Contacto - Barberia Ruta 59","og_description":"\u00a1Gracias por contactar con nosotros en ruta 59! Estamos emocionados de poder ayudarte a lucir tu mejor versi\u00f3n y brindarte un servicio de alta calidad y personalizado. Si tienes alguna pregunta, deseas reservar una cita ... Leer m\u00e1s","og_url":"https:\/\/www.ruta59.es\/index.php\/contact\/","og_site_name":"Barberia Ruta 59","article_publisher":"https:\/\/www.instagram.com\/barberiaruta59\/","article_modified_time":"2024-02-27T00:35:07+00:00","og_image":[{"url":"https:\/\/www.ruta59.es\/wp-content\/uploads\/2024\/02\/mapa-1-1024x569.png","type":"","width":"","height":""}],"twitter_card":"summary_large_image","twitter_misc":{"Tiempo de lectura":"2 minutos"},"schema":{"@context":"https:\/\/schema.org","@graph":[{"@type":"WebPage","@id":"https:\/\/www.ruta59.es\/index.php\/contact\/","url":"https:\/\/www.ruta59.es\/index.php\/contact\/","name":"Contacto - Barberia Ruta 59","isPartOf":{"@id":"https:\/\/www.ruta59.es\/#website"},"primaryImageOfPage":{"@id":"https:\/\/www.ruta59.es\/index.php\/contact\/#primaryimage"},"image":{"@id":"https:\/\/www.ruta59.es\/index.php\/contact\/#primaryimage"},"thumbnailUrl":"https:\/\/www.ruta59.es\/wp-content\/uploads\/2024\/02\/mapa-1-1024x569.png","datePublished":"2022-03-28T18:29:59+00:00","dateModified":"2024-02-27T00:35:07+00:00","breadcrumb":{"@id":"https:\/\/www.ruta59.es\/index.php\/contact\/#breadcrumb"},"inLanguage":"es","potentialAction":[{"@type":"ReadAction","target":["https:\/\/www.ruta59.es\/index.php\/contact\/"]}]},{"@type":"ImageObject","inLanguage":"es","@id":"https:\/\/www.ruta59.es\/index.php\/contact\/#primaryimage","url":"https:\/\/i0.wp.com\/www.ruta59.es\/wp-content\/uploads\/2024\/02\/mapa-1.png?fit=1730%2C962&ssl=1","contentUrl":"https:\/\/i0.wp.com\/www.ruta59.es\/wp-content\/uploads\/2024\/02\/mapa-1.png?fit=1730%2C962&ssl=1","width":1730,"height":962},{"@type":"BreadcrumbList","@id":"https:\/\/www.ruta59.es\/index.php\/contact\/#breadcrumb","itemListElement":[{"@type":"ListItem","position":1,"name":"Portada","item":"https:\/\/www.ruta59.es\/"},{"@type":"ListItem","position":2,"name":"Contacto"}]},{"@type":"WebSite","@id":"https:\/\/www.ruta59.es\/#website","url":"https:\/\/www.ruta59.es\/","name":"Barberia Ruta 59","description":"Tu barberia de confianza en Vigo. Todo tipos de corte para caballero, arreglos de barba, ocasiones especiales. Pidenos cita. Te esperamos en Ruta 59.","publisher":{"@id":"https:\/\/www.ruta59.es\/#organization"},"alternateName":"Ruta 59","potentialAction":[{"@type":"SearchAction","target":{"@type":"EntryPoint","urlTemplate":"https:\/\/www.ruta59.es\/?s={search_term_string}"},"query-input":{"@type":"PropertyValueSpecification","valueRequired":true,"valueName":"search_term_string"}}],"inLanguage":"es"},{"@type":"Organization","@id":"https:\/\/www.ruta59.es\/#organization","name":"Barberia Ruta 59 - Tu barberia de confianza en Vigo","url":"https:\/\/www.ruta59.es\/","logo":{"@type":"ImageObject","inLanguage":"es","@id":"https:\/\/www.ruta59.es\/#\/schema\/logo\/image\/","url":"https:\/\/i0.wp.com\/www.ruta59.es\/wp-content\/uploads\/2024\/02\/LOGO-BARBER-RUTA-59-1_vectorized.png?fit=3180%2C1760&ssl=1","contentUrl":"https:\/\/i0.wp.com\/www.ruta59.es\/wp-content\/uploads\/2024\/02\/LOGO-BARBER-RUTA-59-1_vectorized.png?fit=3180%2C1760&ssl=1","width":3180,"height":1760,"caption":"Barberia Ruta 59 - Tu barberia de confianza en Vigo"},"image":{"@id":"https:\/\/www.ruta59.es\/#\/schema\/logo\/image\/"},"sameAs":["https:\/\/www.instagram.com\/barberiaruta59\/"]}]}},"_links":{"self":[{"href":"https:\/\/www.ruta59.es\/index.php\/wp-json\/wp\/v2\/pages\/53","targetHints":{"allow":["GET"]}}],"collection":[{"href":"https:\/\/www.ruta59.es\/index.php\/wp-json\/wp\/v2\/pages"}],"about":[{"href":"https:\/\/www.ruta59.es\/index.php\/wp-json\/wp\/v2\/types\/page"}],"author":[{"embeddable":true,"href":"https:\/\/www.ruta59.es\/index.php\/wp-json\/wp\/v2\/users\/1"}],"replies":[{"embeddable":true,"href":"https:\/\/www.ruta59.es\/index.php\/wp-json\/wp\/v2\/comments?post=53"}],"version-history":[{"count":11,"href":"https:\/\/www.ruta59.es\/index.php\/wp-json\/wp\/v2\/pages\/53\/revisions"}],"predecessor-version":[{"id":1032,"href":"https:\/\/www.ruta59.es\/index.php\/wp-json\/wp\/v2\/pages\/53\/revisions\/1032"}],"wp:attachment":[{"href":"https:\/\/www.ruta59.es\/index.php\/wp-json\/wp\/v2\/media?parent=53"}],"curies":[{"name":"wp","href":"https:\/\/api.w.org\/{rel}","templated":true}]}}